{"id":1839,"date":"2020-03-02T09:09:29","date_gmt":"2020-03-02T09:09:29","guid":{"rendered":"https:\/\/solgetic.com\/?page_id=1839"},"modified":"2024-07-25T06:56:21","modified_gmt":"2024-07-25T06:56:21","slug":"politica-de-privacidad","status":"publish","type":"page","link":"https:\/\/solgetic.com\/es\/politica-de-privacidad\/","title":{"rendered":"Pol\u00edtica de privacidad"},"content":{"rendered":"\n<h1 class=\"wp-block-heading\">Pol\u00edtica de privacidad<\/h1>\n\n\n\n<p>La presente Pol\u00edtica de Privacidad constituye junto con las Normas de participaci\u00f3n y el aviso legal&nbsp;el marco jur\u00eddico que regula el uso del sitio web www.progetic.com.&nbsp;La presente Pol\u00edtica de Privacidad en concreto regula el uso y tratamiento que&nbsp;PROGETIC PROJECTES SOSTENIBLES SL&nbsp;da&nbsp;a sus datos de car\u00e1cter personal como usuario del Sitio Web, ya que al acceder a la p\u00e1gina web&nbsp;<strong>www.progetic.com&nbsp;<\/strong>pase a tener la condici\u00f3n de usuario de esta web (en adelante,&nbsp;el \u00abUsuario\u00bb).&nbsp;&nbsp;<\/p>\n\n\n\n<p>El presente sitio web es titularidad de la compa\u00f1\u00eda de la\nsociedad&nbsp;PROGETIC PROJECTES SOSTENIBLES SL, con domicilio social en&nbsp;C\n\/&nbsp;Ramon&nbsp;Turro&nbsp;100-104, 5-7, 08005\nBarcelona,&nbsp;y&nbsp;C&nbsp;IF:&nbsp;B66447426.&nbsp;&nbsp;&nbsp;<\/p>\n\n\n\n<p>Al Sitio Web encontrar\u00e1 a su disposici\u00f3n la presente Pol\u00edtica de\nPrivacidad para que la pueda consultar, archivar o imprimir en cualquier\nmomento.&nbsp;Es posible que var\u00ede con el tiempo como consecuencia de cambios\nen el Sitio Web, novedades legislativas o jurisprudenciales o para que surjan\nnuevos criterios de la Agencia Espa\u00f1ola de Protecci\u00f3n de Datos o la nueva\nnormativa europea nos obligue a hacer futuras modificaciones.&nbsp;Por\nello,&nbsp;PROGETIC PROJECTES SOSTENIBLES SL&nbsp;se reserva el derecho a\nmodificar la presente Pol\u00edtica de Privacidad y recomienda leer detenidamente la\nPol\u00edtica de Privacidad siempre que se acceda al Sitio Web.&nbsp;<\/p>\n\n\n\n<p><strong>CONFIDENCIALIDAD<\/strong><\/p>\n\n\n\n<p>PROGETIC PROJECTES SOSTENIBLES SL&nbsp;se compromete al cumplimiento\nde su obligaci\u00f3n de secreto de los datos de car\u00e1cter personal y el deber de\nguardarlos de forma confidencial y adopta las medidas necesarias para evitar su\nalteraci\u00f3n, p\u00e9rdida, tratamiento o acceso no autorizado, teniendo en cuenta en\ntodo momento del estado de la tecnolog\u00eda.&nbsp;<\/p>\n\n\n\n<p><strong>SEGURIDAD DE LOS DATOS<\/strong><\/p>\n\n\n\n<p>PROGETIC PROJECTES SOSTENIBLES SL&nbsp;garantiza la adopci\u00f3n de\nlas medidas oportunas para asegurar el tratamiento confidencial de dichos\ndatos.&nbsp;Por ello, ha implantado todas las medidas de seguridad t\u00e9cnicas y\norganizativas necesarias que garanticen la integridad, confidencialidad y\ndisponibilidad de los datos personales facilitados por el usuario, en\nparticular las estipuladas en la Ley Org\u00e1nica 15\/1999, de 13 de diciembre, de\nprotecci\u00f3n de Datos de Car\u00e1cter Personal (LOPD) y su Reglamento de desarrollo\nRD 1720\/2007.&nbsp;<\/p>\n\n\n\n<p><strong>PROTECCI\u00d3N DE DATOS DE CAR\u00c1CTER PERSONAL<\/strong><\/p>\n\n\n\n<p>Los datos personales facilitados voluntariamente ser\u00e1n tratados de\nmanera confidencial, bajo la protecci\u00f3n y las especificaciones contenidas en la\nLey Org\u00e1nica 15\/1999, de 13 de diciembre, de Protecci\u00f3n de Datos de Car\u00e1cter\nPersonal (LOPD), y se recoger\u00e1n en fichero debidamente inscrito en la Agencia\nde Protecci\u00f3n de Datos, cuyo responsable es&nbsp;PROGETIC PROJECTES SOSTENIBLES\nSL&nbsp;, y cuya finalidad es la gesti\u00f3n de los usuarios y socios, as\u00ed como la\nventa en l\u00ednea de productos y la resoluci\u00f3n de consultas.<\/p>\n\n\n\n<p>El interesado puede ejercitar los derechos de acceso,\nrectificaci\u00f3n, cancelaci\u00f3n y oposici\u00f3n dirigi\u00e9ndose por correo ordinario al\nresponsable del fichero ubicado en&nbsp;C \/&nbsp;Ramon&nbsp;Turro&nbsp;100-104,\n5-7, 08005 Barcelona, o por correo electr\u00f3nico a la\ndirecci\u00f3n:&nbsp;progetic@progetic.com&nbsp;, en ambos casos con la referencia:\n\u00abProtecci\u00f3n de Datos\u00bb, a trav\u00e9s de un escrito firmado al efecto y\nadjuntando copia de su DNI.&nbsp;<\/p>\n\n\n\n<p><strong>INFORMACI\u00d3N SOBRE COOKIES<\/strong><\/p>\n\n\n\n<p>PROGETIC PROJECTES SOSTENIBLES SL&nbsp;emplea&nbsp;cookies&nbsp;propias\ny de terceros:&nbsp;Google&nbsp;Analytics&nbsp;,&nbsp;Youtube&nbsp;,&nbsp;Facebook&nbsp;,\nque tienen como finalidad realizar an\u00e1lisis de uso y de medici\u00f3n del sitio web\npara mejorar los servicios.<\/p>\n\n\n\n<p><strong>LSSICE<\/strong><\/p>\n\n\n\n<p>Asimismo, informamos que no utilizamos estos datos para enviar\ncomunicaciones comerciales por correo electr\u00f3nico no solicitadas o no\nautorizadas expresa y previamente por el interesado, seg\u00fan lo estipulado en la\nLSSICE.<\/p>\n\n\n\n<p><strong>COMUNICACIONES<\/strong><\/p>\n\n\n\n<p>Para efectuar cualquier notificaci\u00f3n en relaci\u00f3n con el presente\ncontrato,&nbsp;PROGETIC PROJECTES SOSTENIBLES SL&nbsp;designa expresamente como\ndomicilio el que figura en el presente texto y el usuario designa expresamente\ncomo domicilio el que figure en el formulario de solicitud.&nbsp;Para llevar a\ncabo la contrataci\u00f3n, se obliga a mantener operativa, activa y actualizada la\ndirecci\u00f3n de correo electr\u00f3nico (e-mail) proporcionada para las\ncomunicaciones&nbsp;con&nbsp;PROGETIC PROJECTES SOSTENIBLES SL, ya que\nconstituye el medio de comunicaci\u00f3n preferente (aunque no el \u00fanico).&nbsp;En\ngeneral el usuario se compromete y obliga a tener actualizados de manera\npermanente sus datos personales y de contacto;&nbsp;y comunicar\u00e1, de forma\nfehaciente, cualquier cambio.&nbsp;La falta de dicha comunicaci\u00f3n implica que\nse considerar\u00e1n v\u00e1lidas las notificaciones efectuadas en la direcci\u00f3n que\nconstaba en el formulario.<\/p>\n\n\n\n<p><strong>NULIDAD E INEFICACIA DE LAS CL\u00c1USULAS<\/strong><\/p>\n\n\n\n<p>Si cualquier cl\u00e1usula de la presente Pol\u00edtica de Privacidad junto\ncon la Pol\u00edtica de Privacidad y la Pol\u00edtica de&nbsp;Cookies&nbsp;fuese\ndeclarada total o parcialmente nula o ineficaz afectar\u00e1 tan s\u00f3lo a dicha\ndisposici\u00f3n o parte de la misma que resulte nula o ineficaz , subsistiendo en\ntodo lo dem\u00e1s el resto de condiciones generales y teni\u00e9ndose tal disposici\u00f3n o\nla parte de la misma que resulte afectada por no puesta, salvo que, si\nresultara esencial a las presentes condiciones generales, hubiese de afectarlas\nde forma integral.<\/p>\n\n\n\n<p><strong>Ley aplicable y jurisdicci\u00f3n<\/strong><\/p>\n\n\n\n<p>Para la resoluci\u00f3n de todas las controversias o cuestiones\nrelacionadas con el presente sitio web o de las actividades que se desarrollan,\nse aplica la legislaci\u00f3n espa\u00f1ola en todos los casos, a la que se someten\nexpresamente las partes.&nbsp;El mero hecho de la utilizaci\u00f3n de los servicios\neste sitio web presupone la aceptaci\u00f3n expresa de dicha aceptaci\u00f3n de la\njurisdicci\u00f3n espa\u00f1ola.<\/p>\n\n\n\n<p>Asimismo, y con la excepci\u00f3n de lo que se expresa en el p\u00e1rrafo\nsiguiente, las partes intervinientes acuerdan que todo litigio, discrepancia,\ncuesti\u00f3n o reclamaci\u00f3n resultante de la ejecuci\u00f3n o interpretaci\u00f3n de las\npresentes condiciones o relacionado, o de otros textos que pudiera haber en el\nsitio web, se resolver\u00e1n definitivamente mediante sometimiento a los Juzgados y\nTribunales de Barcelona con renuncia expresa a cualquier otro fuero o\ndemarcaci\u00f3n jurisdiccional que pudiera resultar competente.<\/p>\n\n\n\n<p>El p\u00e1rrafo anterior no se aplica en el caso de que una de las\npartes sea un consumidor o usuario seg\u00fan la definici\u00f3n de la normativa de\nprotecci\u00f3n de los Consumidores y Usuarios (Real Decreto Legislativo 1\/2007, de\n16 de noviembre, por el que se aprueba el texto refundido de la Ley General\npara la Defensa de los Consumidores y Usuarios y otras leyes complementarias),\nen este caso, (y para un conflicto relacionado y amparado por la Ley) se\naplicar\u00eda preferente el lugar designado en dicha legislaci\u00f3n.<br><\/p>\n","protected":false},"excerpt":{"rendered":"<p>Pol\u00edtica de privacidad La presente Pol\u00edtica de Privacidad constituye junto con las Normas de participaci\u00f3n y el aviso legal&nbsp;el marco jur\u00eddico que regula el uso del sitio web www.progetic.com.&nbsp;La presente Pol\u00edtica de Privacidad en concreto regula el uso y tratamiento que&nbsp;PROGETIC PROJECTES SOSTENIBLES SL&nbsp;da&nbsp;a sus datos de car\u00e1cter personal como usuario del Sitio Web, ya &hellip;<\/p>\n","protected":false},"author":1,"featured_media":0,"parent":0,"menu_order":0,"comment_status":"closed","ping_status":"open","template":"templates\/template-builder.php","meta":{"inline_featured_image":false,"footnotes":""},"class_list":["post-1839","page","type-page","status-publish","hentry","post","without-featured-image"],"yoast_head":"<!-- This site is optimized with the Yoast SEO plugin v27.0 - https:\/\/yoast.com\/product\/yoast-seo-wordpress\/ -->\n<title>Pol\u00edtica de privacidad | Solgetic<\/title>\n<meta name=\"robots\" content=\"noindex, nofollow\" \/>\n<meta property=\"og:locale\" content=\"es_ES\" \/>\n<meta property=\"og:type\" content=\"article\" \/>\n<meta property=\"og:title\" content=\"Pol\u00edtica de privacidad | Solgetic\" \/>\n<meta property=\"og:description\" content=\"Pol\u00edtica de privacidad La presente Pol\u00edtica de Privacidad constituye junto con las Normas de participaci\u00f3n y el aviso legal&nbsp;el marco jur\u00eddico que regula el uso del sitio web www.progetic.com.&nbsp;La presente Pol\u00edtica de Privacidad en concreto regula el uso y tratamiento que&nbsp;PROGETIC PROJECTES SOSTENIBLES SL&nbsp;da&nbsp;a sus datos de car\u00e1cter personal como usuario del Sitio Web, ya &hellip;\" \/>\n<meta property=\"og:url\" content=\"https:\/\/solgetic.com\/es\/politica-de-privacidad\/\" \/>\n<meta property=\"og:site_name\" content=\"Solgetic\" \/>\n<meta property=\"article:publisher\" content=\"https:\/\/www.facebook.com\/pages\/ProGETIC-Energy-Solutions\/359464210793572\" \/>\n<meta property=\"article:modified_time\" content=\"2024-07-25T06:56:21+00:00\" \/>\n<meta name=\"twitter:card\" content=\"summary_large_image\" \/>\n<meta name=\"twitter:site\" content=\"@PRoGETIC1\" \/>\n<meta name=\"twitter:label1\" content=\"Tiempo de lectura\" \/>\n\t<meta name=\"twitter:data1\" content=\"6 minutos\" \/>\n<script type=\"application\/ld+json\" class=\"yoast-schema-graph\">{\"@context\":\"https:\/\/schema.org\",\"@graph\":[{\"@type\":\"WebPage\",\"@id\":\"https:\/\/solgetic.com\/es\/politica-de-privacidad\/\",\"url\":\"https:\/\/solgetic.com\/es\/politica-de-privacidad\/\",\"name\":\"Pol\u00edtica de privacidad | Solgetic\",\"isPartOf\":{\"@id\":\"https:\/\/solgetic.com\/es\/#website\"},\"datePublished\":\"2020-03-02T09:09:29+00:00\",\"dateModified\":\"2024-07-25T06:56:21+00:00\",\"breadcrumb\":{\"@id\":\"https:\/\/solgetic.com\/es\/politica-de-privacidad\/#breadcrumb\"},\"inLanguage\":\"es\",\"potentialAction\":[{\"@type\":\"ReadAction\",\"target\":[\"https:\/\/solgetic.com\/es\/politica-de-privacidad\/\"]}]},{\"@type\":\"BreadcrumbList\",\"@id\":\"https:\/\/solgetic.com\/es\/politica-de-privacidad\/#breadcrumb\",\"itemListElement\":[{\"@type\":\"ListItem\",\"position\":1,\"name\":\"Inici\",\"item\":\"https:\/\/solgetic.com\/es\/\"},{\"@type\":\"ListItem\",\"position\":2,\"name\":\"Pol\u00edtica de privacidad\"}]},{\"@type\":\"WebSite\",\"@id\":\"https:\/\/solgetic.com\/es\/#website\",\"url\":\"https:\/\/solgetic.com\/es\/\",\"name\":\"Solgetic\",\"description\":\"Serveis de energies renovables per a edificis\",\"publisher\":{\"@id\":\"https:\/\/solgetic.com\/es\/#organization\"},\"potentialAction\":[{\"@type\":\"SearchAction\",\"target\":{\"@type\":\"EntryPoint\",\"urlTemplate\":\"https:\/\/solgetic.com\/es\/?s={search_term_string}\"},\"query-input\":{\"@type\":\"PropertyValueSpecification\",\"valueRequired\":true,\"valueName\":\"search_term_string\"}}],\"inLanguage\":\"es\"},{\"@type\":\"Organization\",\"@id\":\"https:\/\/solgetic.com\/es\/#organization\",\"name\":\"Progetic Consultoria Enginyeria\",\"url\":\"https:\/\/solgetic.com\/es\/\",\"logo\":{\"@type\":\"ImageObject\",\"inLanguage\":\"es\",\"@id\":\"https:\/\/solgetic.com\/es\/#\/schema\/logo\/image\/\",\"url\":\"https:\/\/solgetic.com\/wp-content\/uploads\/2019\/12\/Logo_Progetic.svg\",\"contentUrl\":\"https:\/\/solgetic.com\/wp-content\/uploads\/2019\/12\/Logo_Progetic.svg\",\"width\":292,\"height\":83,\"caption\":\"Progetic Consultoria Enginyeria\"},\"image\":{\"@id\":\"https:\/\/solgetic.com\/es\/#\/schema\/logo\/image\/\"},\"sameAs\":[\"https:\/\/www.facebook.com\/pages\/ProGETIC-Energy-Solutions\/359464210793572\",\"https:\/\/x.com\/PRoGETIC1\"]}]}<\/script>\n<!-- \/ Yoast SEO plugin. -->","yoast_head_json":{"title":"Pol\u00edtica de privacidad | Solgetic","robots":{"index":"noindex","follow":"nofollow"},"og_locale":"es_ES","og_type":"article","og_title":"Pol\u00edtica de privacidad | Solgetic","og_description":"Pol\u00edtica de privacidad La presente Pol\u00edtica de Privacidad constituye junto con las Normas de participaci\u00f3n y el aviso legal&nbsp;el marco jur\u00eddico que regula el uso del sitio web www.progetic.com.&nbsp;La presente Pol\u00edtica de Privacidad en concreto regula el uso y tratamiento que&nbsp;PROGETIC PROJECTES SOSTENIBLES SL&nbsp;da&nbsp;a sus datos de car\u00e1cter personal como usuario del Sitio Web, ya &hellip;","og_url":"https:\/\/solgetic.com\/es\/politica-de-privacidad\/","og_site_name":"Solgetic","article_publisher":"https:\/\/www.facebook.com\/pages\/ProGETIC-Energy-Solutions\/359464210793572","article_modified_time":"2024-07-25T06:56:21+00:00","twitter_card":"summary_large_image","twitter_site":"@PRoGETIC1","twitter_misc":{"Tiempo de lectura":"6 minutos"},"schema":{"@context":"https:\/\/schema.org","@graph":[{"@type":"WebPage","@id":"https:\/\/solgetic.com\/es\/politica-de-privacidad\/","url":"https:\/\/solgetic.com\/es\/politica-de-privacidad\/","name":"Pol\u00edtica de privacidad | Solgetic","isPartOf":{"@id":"https:\/\/solgetic.com\/es\/#website"},"datePublished":"2020-03-02T09:09:29+00:00","dateModified":"2024-07-25T06:56:21+00:00","breadcrumb":{"@id":"https:\/\/solgetic.com\/es\/politica-de-privacidad\/#breadcrumb"},"inLanguage":"es","potentialAction":[{"@type":"ReadAction","target":["https:\/\/solgetic.com\/es\/politica-de-privacidad\/"]}]},{"@type":"BreadcrumbList","@id":"https:\/\/solgetic.com\/es\/politica-de-privacidad\/#breadcrumb","itemListElement":[{"@type":"ListItem","position":1,"name":"Inici","item":"https:\/\/solgetic.com\/es\/"},{"@type":"ListItem","position":2,"name":"Pol\u00edtica de privacidad"}]},{"@type":"WebSite","@id":"https:\/\/solgetic.com\/es\/#website","url":"https:\/\/solgetic.com\/es\/","name":"Solgetic","description":"Serveis de energies renovables per a edificis","publisher":{"@id":"https:\/\/solgetic.com\/es\/#organization"},"potentialAction":[{"@type":"SearchAction","target":{"@type":"EntryPoint","urlTemplate":"https:\/\/solgetic.com\/es\/?s={search_term_string}"},"query-input":{"@type":"PropertyValueSpecification","valueRequired":true,"valueName":"search_term_string"}}],"inLanguage":"es"},{"@type":"Organization","@id":"https:\/\/solgetic.com\/es\/#organization","name":"Progetic Consultoria Enginyeria","url":"https:\/\/solgetic.com\/es\/","logo":{"@type":"ImageObject","inLanguage":"es","@id":"https:\/\/solgetic.com\/es\/#\/schema\/logo\/image\/","url":"https:\/\/solgetic.com\/wp-content\/uploads\/2019\/12\/Logo_Progetic.svg","contentUrl":"https:\/\/solgetic.com\/wp-content\/uploads\/2019\/12\/Logo_Progetic.svg","width":292,"height":83,"caption":"Progetic Consultoria Enginyeria"},"image":{"@id":"https:\/\/solgetic.com\/es\/#\/schema\/logo\/image\/"},"sameAs":["https:\/\/www.facebook.com\/pages\/ProGETIC-Energy-Solutions\/359464210793572","https:\/\/x.com\/PRoGETIC1"]}]}},"featured_image_src":null,"featured_image_src_square":null,"_links":{"self":[{"href":"https:\/\/solgetic.com\/es\/wp-json\/wp\/v2\/pages\/1839","targetHints":{"allow":["GET"]}}],"collection":[{"href":"https:\/\/solgetic.com\/es\/wp-json\/wp\/v2\/pages"}],"about":[{"href":"https:\/\/solgetic.com\/es\/wp-json\/wp\/v2\/types\/page"}],"author":[{"embeddable":true,"href":"https:\/\/solgetic.com\/es\/wp-json\/wp\/v2\/users\/1"}],"replies":[{"embeddable":true,"href":"https:\/\/solgetic.com\/es\/wp-json\/wp\/v2\/comments?post=1839"}],"version-history":[{"count":3,"href":"https:\/\/solgetic.com\/es\/wp-json\/wp\/v2\/pages\/1839\/revisions"}],"predecessor-version":[{"id":4365,"href":"https:\/\/solgetic.com\/es\/wp-json\/wp\/v2\/pages\/1839\/revisions\/4365"}],"wp:attachment":[{"href":"https:\/\/solgetic.com\/es\/wp-json\/wp\/v2\/media?parent=1839"}],"curies":[{"name":"wp","href":"https:\/\/api.w.org\/{rel}","templated":true}]}}